{"id":432,"date":"2019-03-15T12:48:18","date_gmt":"2019-03-15T11:48:18","guid":{"rendered":"http:\/\/www.candelaria10.com\/?page_id=432"},"modified":"2019-04-10T09:58:43","modified_gmt":"2019-04-10T07:58:43","slug":"cookies-richtlinie","status":"publish","type":"page","link":"https:\/\/www.candelaria10.com\/de\/cookies-richtlinie\/","title":{"rendered":"Cookies-Richtlinie"},"content":{"rendered":"\n<div class=\"container legal\">\n\t<div class=\"row\">\n\t\t<div class=\"col-sm-10 col-sm-offset-1 col-xs-12\">\n\t\t    <h2>Cookies-Richtlinie<\/h2>\n\t\t\n\t\t    <p>Utilizamos cookies propias y de terceros para mejorar nuestros servicios y mostrarles publicidad relacionada con sus preferencias mediante el an\u00e1lisis de sus h\u00e1bitos de navegaci\u00f3n. Si contin\u00faa navegando, consideramos que acepta su uso. Qu\u00e9 son las cookies y para que se utilizan.<\/p>\n\t\t\n\t\t    <p>Una cookie es un fichero que contiene una peque\u00f1a informaci\u00f3n que es enviada por un sitio web y almacenada en el navegador del usuario. De esta manera, el sitio web puede recoger ciertos datos e informaciones sobre la navegaci\u00f3n del usuario para as\u00ed poder optimizar la navegaci\u00f3n y ofrecerle servicios complementarios, tales como publicidad, que complementan la experiencia de navegaci\u00f3n.<\/p>\n\t\t\n\t\t    <p>Entre la informaci\u00f3n que almacenan estas cookies se encuentran: datos de sesi\u00f3n (login y password), datos relativos a la cesta de la compra (en sitios e-commerce) o datos referentes a la navegaci\u00f3n intr\u00ednseca en un sitio web (p\u00e1ginas visitadas, opciones seleccionadas\u2026etc)<\/p>\n\t\t\n\t\t    <p>Las cookies utlizan la informaci\u00f3n que guardan, para personalizar la navegaci\u00f3n del usuario, por ejemplo, para recordar su login y password autom\u00e1ticamente, obteniendo de esta manera una navegaci\u00f3n m\u00e1s r\u00e1pida y fluida.<\/p>\n\t\t\n\t\t    <h4>Que ocurre si desinstalas o borras las cookies<\/h4>\n\t\t\n\t\t    <p>Algunas funcionalidades de los servicios quedar\u00e1n deshabilitadas como, por ejemplo, permanecer identificado o mantener las compras en el \u201ccarrito de la compra\u201d. Tampoco se te mostrar\u00e1n, una vez que abandones nuestra p\u00e1gina, anuncios relacionados con los productos que visitaste.<\/p>\n\t\t\n\t\t    <h4>Como desinstalar las cookies o rechazarlas en tu navegaci\u00f3n<\/h4>\n\t\t\n\t\t    <p>Todos los navegadores actuales permiten cambiar la configuraci\u00f3n de Cookies. Estos ajustes normalmente se encuentran en las \u2018opciones\u2019 o \u2018Preferencias\u2019 del men\u00fa de tu navegador. Lo que sigue a continuaci\u00f3n es una peque\u00f1a ayuda sobre como actuar en cada navegador (\u00fanicamente se incluyen navegadores mayormente reconocidos)<\/p>&nbsp;\n\t\t\n\t\t    <ul>\n\t\t        <li>Internet Explorer: Herramientas -&gt; Opciones de Internet -&gt; Privacidad -&gt; Configuraci\u00f3n. Para m\u00e1s informaci\u00f3n, puedes consultar el&nbsp;soporte de Microsoft&nbsp;o la Ayuda del navegador.<\/li>\n\t\t\n\t\t        <li>Firefox: Herramientas -&gt; Opciones -&gt; Privacidad -&gt; Historial -&gt; Configuraci\u00f3n Personalizada. Para m\u00e1s informaci\u00f3n, puedes consultar el&nbsp;soporte de Mozilla&nbsp;o la Ayuda del navegador.<\/li>\n\t\t\n\t\t        <li>Chrome: Configuraci\u00f3n -&gt; Mostrar opciones avanzadas -&gt; Privacidad -&gt; Configuraci\u00f3n de contenido. Para m\u00e1s informaci\u00f3n, puedes consultar el&nbsp;soporte de Google&nbsp;o la Ayuda del navegador.<\/li>\n\t\t\n\t\t        <li>Safari: Preferencias -&gt; Seguridad. Para m\u00e1s informaci\u00f3n, puedes consultar el&nbsp;soporte de Apple&nbsp;o la Ayuda del navegador.<\/li>\n\t\t    <\/ul>\n\t\t<\/div>\n\t<\/div>\n<\/div>\n","protected":false},"excerpt":{"rendered":"<p>Cookies-Richtlinie Utilizamos cookies propias y de terceros para mejorar nuestros servicios y mostrarles publicidad relacionada con sus preferencias mediante el an\u00e1lisis de sus h\u00e1bitos de navegaci\u00f3n. Si contin\u00faa navegando, consideramos que acepta su uso. Qu\u00e9 son las cookies y para que se utilizan. Una cookie es un fichero que contiene una peque\u00f1a informaci\u00f3n que es [&hellip;]<\/p>\n","protected":false},"author":1,"featured_media":0,"parent":0,"menu_order":0,"comment_status":"closed","ping_status":"closed","template":"page-templates\/content-candelaria.php","meta":{"inline_featured_image":false,"_monsterinsights_skip_tracking":false,"_monsterinsights_sitenote_active":false,"_monsterinsights_sitenote_note":"","_monsterinsights_sitenote_category":0,"footnotes":""},"class_list":["post-432","page","type-page","status-publish","hentry"],"yoast_head":"<!-- This site is optimized with the Yoast SEO plugin v26.4 - https:\/\/yoast.com\/wordpress\/plugins\/seo\/ -->\n<title>Cookies-Richtlinie | Candelaria10<\/title>\n<meta name=\"robots\" content=\"index, follow, max-snippet:-1, max-image-preview:large, max-video-preview:-1\" \/>\n<link rel=\"canonical\" href=\"https:\/\/www.candelaria10.com\/de\/cookies-richtlinie\/\" \/>\n<meta property=\"og:locale\" content=\"de_DE\" \/>\n<meta property=\"og:type\" content=\"article\" \/>\n<meta property=\"og:title\" content=\"Cookies-Richtlinie | Candelaria10\" \/>\n<meta property=\"og:description\" content=\"Cookies-Richtlinie Utilizamos cookies propias y de terceros para mejorar nuestros servicios y mostrarles publicidad relacionada con sus preferencias mediante el an\u00e1lisis de sus h\u00e1bitos de navegaci\u00f3n. Si contin\u00faa navegando, consideramos que acepta su uso. Qu\u00e9 son las cookies y para que se utilizan. Una cookie es un fichero que contiene una peque\u00f1a informaci\u00f3n que es [&hellip;]\" \/>\n<meta property=\"og:url\" content=\"https:\/\/www.candelaria10.com\/de\/cookies-richtlinie\/\" \/>\n<meta property=\"og:site_name\" content=\"Candelaria10\" \/>\n<meta property=\"article:modified_time\" content=\"2019-04-10T07:58:43+00:00\" \/>\n<meta name=\"twitter:card\" content=\"summary_large_image\" \/>\n<meta name=\"twitter:label1\" content=\"Est. reading time\" \/>\n\t<meta name=\"twitter:data1\" content=\"2 Minuten\" \/>\n<script type=\"application\/ld+json\" class=\"yoast-schema-graph\">{\"@context\":\"https:\/\/schema.org\",\"@graph\":[{\"@type\":\"WebPage\",\"@id\":\"https:\/\/www.candelaria10.com\/de\/cookies-richtlinie\/\",\"url\":\"https:\/\/www.candelaria10.com\/de\/cookies-richtlinie\/\",\"name\":\"Cookies-Richtlinie | Candelaria10\",\"isPartOf\":{\"@id\":\"https:\/\/www.candelaria10.com\/#website\"},\"datePublished\":\"2019-03-15T11:48:18+00:00\",\"dateModified\":\"2019-04-10T07:58:43+00:00\",\"breadcrumb\":{\"@id\":\"https:\/\/www.candelaria10.com\/de\/cookies-richtlinie\/#breadcrumb\"},\"inLanguage\":\"de-DE\",\"potentialAction\":[{\"@type\":\"ReadAction\",\"target\":[\"https:\/\/www.candelaria10.com\/de\/cookies-richtlinie\/\"]}]},{\"@type\":\"BreadcrumbList\",\"@id\":\"https:\/\/www.candelaria10.com\/de\/cookies-richtlinie\/#breadcrumb\",\"itemListElement\":[{\"@type\":\"ListItem\",\"position\":1,\"name\":\"Home\",\"item\":\"https:\/\/www.candelaria10.com\/de\/\"},{\"@type\":\"ListItem\",\"position\":2,\"name\":\"Cookies-Richtlinie\"}]},{\"@type\":\"WebSite\",\"@id\":\"https:\/\/www.candelaria10.com\/#website\",\"url\":\"https:\/\/www.candelaria10.com\/\",\"name\":\"Candelaria10\",\"description\":\"Apartamentos exclusivos  en el centro hist\u00f3rico de C\u00e1diz\",\"potentialAction\":[{\"@type\":\"SearchAction\",\"target\":{\"@type\":\"EntryPoint\",\"urlTemplate\":\"https:\/\/www.candelaria10.com\/?s={search_term_string}\"},\"query-input\":{\"@type\":\"PropertyValueSpecification\",\"valueRequired\":true,\"valueName\":\"search_term_string\"}}],\"inLanguage\":\"de-DE\"}]}<\/script>\n<!-- \/ Yoast SEO plugin. -->","yoast_head_json":{"title":"Cookies-Richtlinie | Candelaria10","robots":{"index":"index","follow":"follow","max-snippet":"max-snippet:-1","max-image-preview":"max-image-preview:large","max-video-preview":"max-video-preview:-1"},"canonical":"https:\/\/www.candelaria10.com\/de\/cookies-richtlinie\/","og_locale":"de_DE","og_type":"article","og_title":"Cookies-Richtlinie | Candelaria10","og_description":"Cookies-Richtlinie Utilizamos cookies propias y de terceros para mejorar nuestros servicios y mostrarles publicidad relacionada con sus preferencias mediante el an\u00e1lisis de sus h\u00e1bitos de navegaci\u00f3n. Si contin\u00faa navegando, consideramos que acepta su uso. Qu\u00e9 son las cookies y para que se utilizan. Una cookie es un fichero que contiene una peque\u00f1a informaci\u00f3n que es [&hellip;]","og_url":"https:\/\/www.candelaria10.com\/de\/cookies-richtlinie\/","og_site_name":"Candelaria10","article_modified_time":"2019-04-10T07:58:43+00:00","twitter_card":"summary_large_image","twitter_misc":{"Est. reading time":"2 Minuten"},"schema":{"@context":"https:\/\/schema.org","@graph":[{"@type":"WebPage","@id":"https:\/\/www.candelaria10.com\/de\/cookies-richtlinie\/","url":"https:\/\/www.candelaria10.com\/de\/cookies-richtlinie\/","name":"Cookies-Richtlinie | Candelaria10","isPartOf":{"@id":"https:\/\/www.candelaria10.com\/#website"},"datePublished":"2019-03-15T11:48:18+00:00","dateModified":"2019-04-10T07:58:43+00:00","breadcrumb":{"@id":"https:\/\/www.candelaria10.com\/de\/cookies-richtlinie\/#breadcrumb"},"inLanguage":"de-DE","potentialAction":[{"@type":"ReadAction","target":["https:\/\/www.candelaria10.com\/de\/cookies-richtlinie\/"]}]},{"@type":"BreadcrumbList","@id":"https:\/\/www.candelaria10.com\/de\/cookies-richtlinie\/#breadcrumb","itemListElement":[{"@type":"ListItem","position":1,"name":"Home","item":"https:\/\/www.candelaria10.com\/de\/"},{"@type":"ListItem","position":2,"name":"Cookies-Richtlinie"}]},{"@type":"WebSite","@id":"https:\/\/www.candelaria10.com\/#website","url":"https:\/\/www.candelaria10.com\/","name":"Candelaria10","description":"Apartamentos exclusivos  en el centro hist\u00f3rico de C\u00e1diz","potentialAction":[{"@type":"SearchAction","target":{"@type":"EntryPoint","urlTemplate":"https:\/\/www.candelaria10.com\/?s={search_term_string}"},"query-input":{"@type":"PropertyValueSpecification","valueRequired":true,"valueName":"search_term_string"}}],"inLanguage":"de-DE"}]}},"_links":{"self":[{"href":"https:\/\/www.candelaria10.com\/de\/wp-json\/wp\/v2\/pages\/432","targetHints":{"allow":["GET"]}}],"collection":[{"href":"https:\/\/www.candelaria10.com\/de\/wp-json\/wp\/v2\/pages"}],"about":[{"href":"https:\/\/www.candelaria10.com\/de\/wp-json\/wp\/v2\/types\/page"}],"author":[{"embeddable":true,"href":"https:\/\/www.candelaria10.com\/de\/wp-json\/wp\/v2\/users\/1"}],"replies":[{"embeddable":true,"href":"https:\/\/www.candelaria10.com\/de\/wp-json\/wp\/v2\/comments?post=432"}],"version-history":[{"count":4,"href":"https:\/\/www.candelaria10.com\/de\/wp-json\/wp\/v2\/pages\/432\/revisions"}],"predecessor-version":[{"id":815,"href":"https:\/\/www.candelaria10.com\/de\/wp-json\/wp\/v2\/pages\/432\/revisions\/815"}],"wp:attachment":[{"href":"https:\/\/www.candelaria10.com\/de\/wp-json\/wp\/v2\/media?parent=432"}],"curies":[{"name":"wp","href":"https:\/\/api.w.org\/{rel}","templated":true}]}}