{"id":356,"date":"2019-03-14T14:24:40","date_gmt":"2019-03-14T13:24:40","guid":{"rendered":"http:\/\/www.candelaria10.com\/?page_id=356"},"modified":"2025-10-24T14:10:04","modified_gmt":"2025-10-24T12:10:04","slug":"home-2","status":"publish","type":"page","link":"https:\/\/www.candelaria10.com\/de\/","title":{"rendered":"Home de"},"content":{"rendered":"\n<div id=\"fullpage\">\n\t<section id=\"presentation-section\" class=\"section\">\t\t\n\t\t<div id=\"overlay\"><\/div>\t\n\t\t<div class=\"container\">\n\t\t\t<div class=\"row\">\n\t\t\t\t<div class=\"col-md-6 col-sm-11 col-xs-12 centered\">\n\t\t\t\t\t<!--<form action=\"\/de\/reservations\" method=\"get\">-->\n\t\t\t\t\t\t<div class=\"row fake-white\">\n\t\t\t\t\t\t\t<div class=\"hidden\"><div class=\"col-md-4 hidden-xs col-xs-12 form-group\">\n\t\t\t\t\t\t\t\t<label>Check-in<\/label>\n\t\t\t\t\t\t\t\t<input type=\"text\" class=\"form-control\" name=\"checkin\" placeholder=\"dd\/mm\/yyyy\" autocomplete=\"off\" \/>\t\t\n\t\t\t\t\t\t\t<\/div>\n\t\t\t\t\t\t\t<div class=\"col-md-4 hidden-xs col-xs-12 form-group\">\n\t\t\t\t\t\t\t\t<label>Check-out<\/label>\n\t\t\t\t\t\t\t\t<input type=\"text\" class=\"form-control\" name=\"checkout\" placeholder=\"dd\/mm\/yyyy\" autocomplete=\"off\" \/>\t\t\n\t\t\t\t\t\t\t<\/div>\n<\/div>\n\t\t\t\t\t\t\t<div class=\"col-md-6 col-xs-12 form-group orange\">\n\t\t\t\t\t\t\t\t<!--<button type=\"submit\">BUCHE JETZT<\/button>-->\n<a href=\"https:\/\/www.candelaria10.com\/de\/reservations\/\" class=\"link-reserva\">BUCHE JETZT<\/a>\n\t\t\t\t\t\t\t<\/div>\n\t\t\t\t\t\t<\/div>\n\t\t\t\t\t<!--<\/form> -->\n\t\t\t\t<\/div>\n\t\t\t<\/div>\n\t\t<\/div>\n\t\t<div class=\"bottom_layer\">\n\t\t\t<a id=\"scroll\" href=\"#\" title=\"Willkommen\">\t\n\t\t\t\t<span>Scroll<\/span>\n\t\t\t\t<span class=\"lnr lnr-arrow-down\"><\/span>\n\t\t\t<\/a>\n\t\t<\/div>\n\t<\/section>\n\t<section id=\"welcome-section\" class=\"section fp-auto-height-responsive toScroll\">\n\t\t<div class=\"left_layer\">\n\t\t\t<h3>Willkommen in Candelaria10!<\/h3>\n\t\t\t<p>C10 ist ein komplett neu renoviertes historisches Stadthaus mit 5 exklusiven Apartments, alle mit Balkon und Blick auf den wundersch\u00f6nen Plaza Candelaria. Ideal gelegen im Herzen von C\u00e1diz &#8211; einer der \u00e4ltesten St\u00e4dte Europas und UNESCO Weltkulturerbe.<\/p>\n\t\t\t<p>Lassen Sie sich von der k\u00fchlen Luft \u00fcber den historischen Patio auf die Dachterrasse begleiten, um dort den Sonnenuntergang mit Blick auf die Kathedrale zu genie\u00dfen.<\/p>\n\t\t\t<p>W\u00e4hrend Ihres Aufenthaltes auf der einzigartigen Halbinsel wird C10 Ihre  Anlaufstelle und ein zeitloser Platz f\u00fcr Ihre Erholung sein.<\/p>\n\t\t\t<a class=\"button orange\" href=\"https:\/\/www.candelaria10.com\/de\/apartments\/\" title=\"Gehe zu Apartments\">Apartments<\/a>\n\t\t<\/div>\n\t<\/section>\n\t<section id=\"gallery-section\" class=\"section\">\n\t\t<div class=\"slide-full fp-slide\" id=\"slide1\">\n\t\t\t\n\t\t<\/div>\n\t\t<div class=\"slide-full fp-slide\" id=\"slide2\">\n\t\t\t\n\t\t<\/div>\n\t\t<div class=\"slide-full fp-slide\" id=\"slide3\">\n\t\t\t\n\t\t<\/div>\n\t\t<div class=\"slide-full fp-slide\" id=\"slide4\">\n\t\t\t\n\t\t<\/div>\n\t\t<div class=\"slide-full fp-slide\" id=\"slide5\">\n\t\t\t\n\t\t<\/div>\n\t\t<div class=\"slide-full fp-slide\" id=\"slide6\">\n\t\t\t\n\t\t<\/div>\n\t\t<div class=\"slide-full fp-slide\" id=\"slide7\">\n\t\t\t\n\t\t<\/div>\n\t\t<div class=\"slide-full fp-slide\" id=\"slide8\">\n\t\t\t\n\t\t<\/div>\n\t<\/section>\n","protected":false},"excerpt":{"rendered":"<p>Check-in Check-out BUCHE JETZT Scroll Willkommen in Candelaria10! C10 ist ein komplett neu renoviertes historisches Stadthaus mit 5 exklusiven Apartments, alle mit Balkon und Blick auf den wundersch\u00f6nen Plaza Candelaria. Ideal gelegen im Herzen von C\u00e1diz &#8211; einer der \u00e4ltesten St\u00e4dte Europas und UNESCO Weltkulturerbe. Lassen Sie sich von der k\u00fchlen Luft \u00fcber den historischen [&hellip;]<\/p>\n","protected":false},"author":1,"featured_media":0,"parent":0,"menu_order":0,"comment_status":"closed","ping_status":"closed","template":"page-templates\/content-home.php","meta":{"inline_featured_image":false,"_monsterinsights_skip_tracking":false,"_monsterinsights_sitenote_active":false,"_monsterinsights_sitenote_note":"","_monsterinsights_sitenote_category":0,"footnotes":""},"class_list":["post-356","page","type-page","status-publish","hentry"],"yoast_head":"<!-- This site is optimized with the Yoast SEO plugin v26.4 - https:\/\/yoast.com\/wordpress\/plugins\/seo\/ -->\n<title>Home de | Candelaria10<\/title>\n<meta name=\"robots\" content=\"index, follow, max-snippet:-1, max-image-preview:large, max-video-preview:-1\" \/>\n<link rel=\"canonical\" href=\"https:\/\/www.candelaria10.com\/de\/\" \/>\n<meta property=\"og:locale\" content=\"de_DE\" \/>\n<meta property=\"og:type\" content=\"article\" \/>\n<meta property=\"og:title\" content=\"Home de | Candelaria10\" \/>\n<meta property=\"og:description\" content=\"Check-in Check-out BUCHE JETZT Scroll Willkommen in Candelaria10! C10 ist ein komplett neu renoviertes historisches Stadthaus mit 5 exklusiven Apartments, alle mit Balkon und Blick auf den wundersch\u00f6nen Plaza Candelaria. Ideal gelegen im Herzen von C\u00e1diz &#8211; einer der \u00e4ltesten St\u00e4dte Europas und UNESCO Weltkulturerbe. Lassen Sie sich von der k\u00fchlen Luft \u00fcber den historischen [&hellip;]\" \/>\n<meta property=\"og:url\" content=\"https:\/\/www.candelaria10.com\/de\/\" \/>\n<meta property=\"og:site_name\" content=\"Candelaria10\" \/>\n<meta property=\"article:modified_time\" content=\"2025-10-24T12:10:04+00:00\" \/>\n<meta name=\"twitter:card\" content=\"summary_large_image\" \/>\n<meta name=\"twitter:label1\" content=\"Est. reading time\" \/>\n\t<meta name=\"twitter:data1\" content=\"1 Minute\" \/>\n<script type=\"application\/ld+json\" class=\"yoast-schema-graph\">{\"@context\":\"https:\/\/schema.org\",\"@graph\":[{\"@type\":\"WebPage\",\"@id\":\"https:\/\/www.candelaria10.com\/de\/\",\"url\":\"https:\/\/www.candelaria10.com\/de\/\",\"name\":\"Home de | Candelaria10\",\"isPartOf\":{\"@id\":\"https:\/\/www.candelaria10.com\/#website\"},\"datePublished\":\"2019-03-14T13:24:40+00:00\",\"dateModified\":\"2025-10-24T12:10:04+00:00\",\"breadcrumb\":{\"@id\":\"https:\/\/www.candelaria10.com\/de\/#breadcrumb\"},\"inLanguage\":\"de-DE\",\"potentialAction\":[{\"@type\":\"ReadAction\",\"target\":[\"https:\/\/www.candelaria10.com\/de\/\"]}]},{\"@type\":\"BreadcrumbList\",\"@id\":\"https:\/\/www.candelaria10.com\/de\/#breadcrumb\",\"itemListElement\":[{\"@type\":\"ListItem\",\"position\":1,\"name\":\"Home\",\"item\":\"https:\/\/www.candelaria10.com\/de\/\"},{\"@type\":\"ListItem\",\"position\":2,\"name\":\"Home de\"}]},{\"@type\":\"WebSite\",\"@id\":\"https:\/\/www.candelaria10.com\/#website\",\"url\":\"https:\/\/www.candelaria10.com\/\",\"name\":\"Candelaria10\",\"description\":\"Apartamentos exclusivos  en el centro hist\u00f3rico de C\u00e1diz\",\"potentialAction\":[{\"@type\":\"SearchAction\",\"target\":{\"@type\":\"EntryPoint\",\"urlTemplate\":\"https:\/\/www.candelaria10.com\/?s={search_term_string}\"},\"query-input\":{\"@type\":\"PropertyValueSpecification\",\"valueRequired\":true,\"valueName\":\"search_term_string\"}}],\"inLanguage\":\"de-DE\"}]}<\/script>\n<!-- \/ Yoast SEO plugin. -->","yoast_head_json":{"title":"Home de | Candelaria10","robots":{"index":"index","follow":"follow","max-snippet":"max-snippet:-1","max-image-preview":"max-image-preview:large","max-video-preview":"max-video-preview:-1"},"canonical":"https:\/\/www.candelaria10.com\/de\/","og_locale":"de_DE","og_type":"article","og_title":"Home de | Candelaria10","og_description":"Check-in Check-out BUCHE JETZT Scroll Willkommen in Candelaria10! C10 ist ein komplett neu renoviertes historisches Stadthaus mit 5 exklusiven Apartments, alle mit Balkon und Blick auf den wundersch\u00f6nen Plaza Candelaria. Ideal gelegen im Herzen von C\u00e1diz &#8211; einer der \u00e4ltesten St\u00e4dte Europas und UNESCO Weltkulturerbe. Lassen Sie sich von der k\u00fchlen Luft \u00fcber den historischen [&hellip;]","og_url":"https:\/\/www.candelaria10.com\/de\/","og_site_name":"Candelaria10","article_modified_time":"2025-10-24T12:10:04+00:00","twitter_card":"summary_large_image","twitter_misc":{"Est. reading time":"1 Minute"},"schema":{"@context":"https:\/\/schema.org","@graph":[{"@type":"WebPage","@id":"https:\/\/www.candelaria10.com\/de\/","url":"https:\/\/www.candelaria10.com\/de\/","name":"Home de | Candelaria10","isPartOf":{"@id":"https:\/\/www.candelaria10.com\/#website"},"datePublished":"2019-03-14T13:24:40+00:00","dateModified":"2025-10-24T12:10:04+00:00","breadcrumb":{"@id":"https:\/\/www.candelaria10.com\/de\/#breadcrumb"},"inLanguage":"de-DE","potentialAction":[{"@type":"ReadAction","target":["https:\/\/www.candelaria10.com\/de\/"]}]},{"@type":"BreadcrumbList","@id":"https:\/\/www.candelaria10.com\/de\/#breadcrumb","itemListElement":[{"@type":"ListItem","position":1,"name":"Home","item":"https:\/\/www.candelaria10.com\/de\/"},{"@type":"ListItem","position":2,"name":"Home de"}]},{"@type":"WebSite","@id":"https:\/\/www.candelaria10.com\/#website","url":"https:\/\/www.candelaria10.com\/","name":"Candelaria10","description":"Apartamentos exclusivos  en el centro hist\u00f3rico de C\u00e1diz","potentialAction":[{"@type":"SearchAction","target":{"@type":"EntryPoint","urlTemplate":"https:\/\/www.candelaria10.com\/?s={search_term_string}"},"query-input":{"@type":"PropertyValueSpecification","valueRequired":true,"valueName":"search_term_string"}}],"inLanguage":"de-DE"}]}},"_links":{"self":[{"href":"https:\/\/www.candelaria10.com\/de\/wp-json\/wp\/v2\/pages\/356","targetHints":{"allow":["GET"]}}],"collection":[{"href":"https:\/\/www.candelaria10.com\/de\/wp-json\/wp\/v2\/pages"}],"about":[{"href":"https:\/\/www.candelaria10.com\/de\/wp-json\/wp\/v2\/types\/page"}],"author":[{"embeddable":true,"href":"https:\/\/www.candelaria10.com\/de\/wp-json\/wp\/v2\/users\/1"}],"replies":[{"embeddable":true,"href":"https:\/\/www.candelaria10.com\/de\/wp-json\/wp\/v2\/comments?post=356"}],"version-history":[{"count":30,"href":"https:\/\/www.candelaria10.com\/de\/wp-json\/wp\/v2\/pages\/356\/revisions"}],"predecessor-version":[{"id":8196,"href":"https:\/\/www.candelaria10.com\/de\/wp-json\/wp\/v2\/pages\/356\/revisions\/8196"}],"wp:attachment":[{"href":"https:\/\/www.candelaria10.com\/de\/wp-json\/wp\/v2\/media?parent=356"}],"curies":[{"name":"wp","href":"https:\/\/api.w.org\/{rel}","templated":true}]}}